{"id":214,"date":"2018-05-23T21:14:46","date_gmt":"2018-05-23T19:14:46","guid":{"rendered":"https:\/\/psfinancegroup.com\/fi\/?page_id=214"},"modified":"2018-05-23T21:20:07","modified_gmt":"2018-05-23T19:20:07","slug":"gdpr","status":"publish","type":"page","link":"https:\/\/psfinancegroup.com\/fi\/gdpr\/","title":{"rendered":"GDPR &#8211; Tietosuojak\u00e4yt\u00e4nt\u00f6"},"content":{"rendered":"","protected":false},"excerpt":{"rendered":"","protected":false},"author":1,"featured_media":0,"parent":0,"menu_order":0,"comment_status":"closed","ping_status":"closed","template":"","meta":[],"acf":[],"_links":{"self":[{"href":"https:\/\/psfinancegroup.com\/fi\/wp-json\/wp\/v2\/pages\/214"}],"collection":[{"href":"https:\/\/psfinancegroup.com\/fi\/wp-json\/wp\/v2\/pages"}],"about":[{"href":"https:\/\/psfinancegroup.com\/fi\/wp-json\/wp\/v2\/types\/page"}],"author":[{"embeddable":true,"href":"https:\/\/psfinancegroup.com\/fi\/wp-json\/wp\/v2\/users\/1"}],"replies":[{"embeddable":true,"href":"https:\/\/psfinancegroup.com\/fi\/wp-json\/wp\/v2\/comments?post=214"}],"version-history":[{"count":3,"href":"https:\/\/psfinancegroup.com\/fi\/wp-json\/wp\/v2\/pages\/214\/revisions"}],"predecessor-version":[{"id":217,"href":"https:\/\/psfinancegroup.com\/fi\/wp-json\/wp\/v2\/pages\/214\/revisions\/217"}],"wp:attachment":[{"href":"https:\/\/psfinancegroup.com\/fi\/wp-json\/wp\/v2\/media?parent=214"}],"curies":[{"name":"wp","href":"https:\/\/api.w.org\/{rel}","templated":true}]}}